{"id":718,"date":"2025-10-09T23:51:37","date_gmt":"2025-10-09T21:51:37","guid":{"rendered":"https:\/\/akkordarbeiter.in\/?page_id=718"},"modified":"2025-10-23T09:30:43","modified_gmt":"2025-10-23T07:30:43","slug":"projekte","status":"publish","type":"page","link":"https:\/\/akkordarbeiter.in\/?page_id=718","title":{"rendered":"Projekte"},"content":{"rendered":"\n<p>Ich arbeite gern mit anderen K\u00fcnstlerInnen zusammen.<\/p>\n\n\n\n<p>Im Duo <a href=\"http:\/\/www.klangundfar.be\">Klang &amp; Farbe<\/a> mit Klavier, Geige und Gesang entstehen feine musikalische Begegnungen. <\/p>\n\n\n\n<p>Bei KonzertLesungen Songs &amp; Stories mit S\u00e4ngerin Antje Stahl und Autorin Astrid St\u00e4hler verbinden sich Musik und Literatur zu eigenen kleinen Welten.<\/p>\n\n\n\n<p>Jedes Projekt w\u00e4chst aus Neugier und Freude am gemeinsamen Gestalten.<\/p>\n","protected":false},"excerpt":{"rendered":"<p>Ich arbeite gern mit anderen K\u00fcnstlerInnen zusammen. Im Duo Klang &amp; Farbe mit Klavier, Geige und Gesang entstehen feine musikalische Begegnungen. Bei KonzertLesungen Songs &amp; Stories mit S\u00e4ngerin Antje Stahl und Autorin Astrid St\u00e4hler verbinden sich Musik und Literatur zu eigenen kleinen Welten. Jedes Projekt w\u00e4chst aus Neugier und Freude am gemeinsamen Gestalten.<\/p>\n","protected":false},"author":3,"featured_media":0,"parent":0,"menu_order":0,"comment_status":"closed","ping_status":"closed","template":"","meta":{"footnotes":""},"class_list":["post-718","page","type-page","status-publish","hentry"],"_links":{"self":[{"href":"https:\/\/akkordarbeiter.in\/index.php?rest_route=\/wp\/v2\/pages\/718","targetHints":{"allow":["GET"]}}],"collection":[{"href":"https:\/\/akkordarbeiter.in\/index.php?rest_route=\/wp\/v2\/pages"}],"about":[{"href":"https:\/\/akkordarbeiter.in\/index.php?rest_route=\/wp\/v2\/types\/page"}],"author":[{"embeddable":true,"href":"https:\/\/akkordarbeiter.in\/index.php?rest_route=\/wp\/v2\/users\/3"}],"replies":[{"embeddable":true,"href":"https:\/\/akkordarbeiter.in\/index.php?rest_route=%2Fwp%2Fv2%2Fcomments&post=718"}],"version-history":[{"count":0,"href":"https:\/\/akkordarbeiter.in\/index.php?rest_route=\/wp\/v2\/pages\/718\/revisions"}],"wp:attachment":[{"href":"https:\/\/akkordarbeiter.in\/index.php?rest_route=%2Fwp%2Fv2%2Fmedia&parent=718"}],"curies":[{"name":"wp","href":"https:\/\/api.w.org\/{rel}","templated":true}]}}