{"id":724,"date":"2025-10-09T23:57:49","date_gmt":"2025-10-09T21:57:49","guid":{"rendered":"https:\/\/akkordarbeiter.in\/?page_id=724"},"modified":"2025-10-23T09:30:19","modified_gmt":"2025-10-23T07:30:19","slug":"unterricht","status":"publish","type":"page","link":"https:\/\/akkordarbeiter.in\/?page_id=724","title":{"rendered":"Unterricht"},"content":{"rendered":"\n<p>Musik ist f\u00fcr alle da \u2013 und genau das spiegelt sich in meinem Unterricht wider.<\/p>\n\n\n\n<p>Ob Klavierstunden f\u00fcr Kinder, Jugendliche und Erwachsene, Workshops in Kooperation oder erste musikalische Erfahrungen f\u00fcr die J\u00fcngsten: Ich biete einen kreativen, altersgerechten und liebevollen Zugang zur Musik, der Freude und Neugier weckt.<\/p>\n","protected":false},"excerpt":{"rendered":"<p>Musik ist f\u00fcr alle da \u2013 und genau das spiegelt sich in meinem Unterricht wider. Ob Klavierstunden f\u00fcr Kinder, Jugendliche und Erwachsene, Workshops in Kooperation oder erste musikalische Erfahrungen f\u00fcr die J\u00fcngsten: Ich biete einen kreativen, altersgerechten und liebevollen Zugang zur Musik, der Freude und Neugier weckt.<\/p>\n","protected":false},"author":3,"featured_media":0,"parent":0,"menu_order":0,"comment_status":"closed","ping_status":"closed","template":"","meta":{"footnotes":""},"class_list":["post-724","page","type-page","status-publish","hentry"],"_links":{"self":[{"href":"https:\/\/akkordarbeiter.in\/index.php?rest_route=\/wp\/v2\/pages\/724","targetHints":{"allow":["GET"]}}],"collection":[{"href":"https:\/\/akkordarbeiter.in\/index.php?rest_route=\/wp\/v2\/pages"}],"about":[{"href":"https:\/\/akkordarbeiter.in\/index.php?rest_route=\/wp\/v2\/types\/page"}],"author":[{"embeddable":true,"href":"https:\/\/akkordarbeiter.in\/index.php?rest_route=\/wp\/v2\/users\/3"}],"replies":[{"embeddable":true,"href":"https:\/\/akkordarbeiter.in\/index.php?rest_route=%2Fwp%2Fv2%2Fcomments&post=724"}],"version-history":[{"count":0,"href":"https:\/\/akkordarbeiter.in\/index.php?rest_route=\/wp\/v2\/pages\/724\/revisions"}],"wp:attachment":[{"href":"https:\/\/akkordarbeiter.in\/index.php?rest_route=%2Fwp%2Fv2%2Fmedia&parent=724"}],"curies":[{"name":"wp","href":"https:\/\/api.w.org\/{rel}","templated":true}]}}